{"id":175,"date":"2019-05-17T19:12:14","date_gmt":"2019-05-17T19:12:14","guid":{"rendered":"http:\/\/fabbro.com.tr\/?page_id=175"},"modified":"2023-07-04T10:39:53","modified_gmt":"2023-07-04T10:39:53","slug":"hakkimizda","status":"publish","type":"page","link":"https:\/\/fabbro.com.tr\/?page_id=175","title":{"rendered":"Hakk\u0131m\u0131zda"},"content":{"rendered":"<p>[vc_row][vc_column width=&#8221;1\/2&#8243;][vc_column_text]<\/p>\n<h1>Biz Kimiz?<\/h1>\n<p>1960 y\u0131l\u0131ndan bu yana KAZCIO\u011eLU INDUSTRIAL markas\u0131 ile otomotiv, trakt\u00f6r, i\u015f makinesi, demiryolu ve savunma sanayine boru-hortum kompleleri, tala\u015fl\u0131 imalat \u00fcr\u00fcnleri, so\u011fuk formasyon d\u00f6vme \u00fcr\u00fcnleri ile direksiyon ve s\u00fcspansiyon sistemi par\u00e7alar\u0131 \u00fcretmekteyiz.<\/p>\n<p>2018 y\u0131l\u0131nda komple rot \u00fcretimine ba\u015flayarak FABBRO markas\u0131n\u0131 tescil ettirmi\u015ftir.<\/p>\n<p>FABBRO; zirai trakt\u00f6rler ve i\u015f makinalar\u0131 i\u00e7in rot, rot ba\u015f\u0131, komple rot ve rot mili gibi \u00fcr\u00fcnler \u00fcretmektedir.<\/p>\n<p>\u00d6zel nitelikli \u00fcr\u00fcnler \u00fcretme konusunda uzmanla\u015fan FABBRO; ISO 9001:2015 ve IATF 16949:2016 belgelerine sahiptir. \u015euanda 20000 metrekaresi kapal\u0131 toplamda 150000 metrekarelik tesislerinde 350 nitelikli personeli ile \u00fcretimine devam etmektedir.[\/vc_column_text][\/vc_column][vc_column width=&#8221;1\/2&#8243;][vc_images_carousel images=&#8221;961,1145&#8243; img_size=&#8221;1000&#215;679&#8243; onclick=&#8221;link_no&#8221; speed=&#8221;3000&#8243; autoplay=&#8221;yes&#8221; wrap=&#8221;yes&#8221;][\/vc_column][\/vc_row][vc_row][vc_column][\/vc_column][\/vc_row][vc_row full_width=&#8221;stretch_row&#8221; parallax=&#8221;content-moving&#8221; parallax_image=&#8221;147&#8243;][vc_column width=&#8221;1\/6&#8243;][vc_icon type=&#8221;linecons&#8221; icon_linecons=&#8221;vc_li vc_li-paperplane&#8221; color=&#8221;custom&#8221; size=&#8221;xl&#8221; align=&#8221;center&#8221; custom_color=&#8221;#b6101d&#8221; css=&#8221;.vc_custom_1575527678143{margin-top: 25px !important;}&#8221;][\/vc_column][vc_column width=&#8221;2\/6&#8243;][vc_column_text]<\/p>\n<h1><span style=\"color: #b6101d;\">Vizyon<\/span><\/h1>\n<p><span style=\"color: #ffffff;\">Firmam\u0131z\u0131n ulusal ve uluslararas\u0131 pazarda etkinli\u011fini ve verimlili\u011fini artt\u0131rmak amac\u0131yla kendi uzmanl\u0131k alan\u0131m\u0131zda, kendi y\u00f6ntemlerini su\u0308rekli geli\u015ftiren, sekt\u00f6ru\u0308n \u00f6ncu\u0308lu\u0308\u011fu\u0308nu\u0308 u\u0308stlenerek, kalite dendi\u011finde akla ilk gelen firma olmak.<\/span><\/p>\n<p>&nbsp;[\/vc_column_text][\/vc_column][vc_column width=&#8221;1\/6&#8243;][vc_icon type=&#8221;linecons&#8221; icon_linecons=&#8221;vc_li vc_li-eye&#8221; color=&#8221;custom&#8221; size=&#8221;xl&#8221; align=&#8221;center&#8221; custom_color=&#8221;#b6101d&#8221; css=&#8221;.vc_custom_1575527636108{margin-top: 25px !important;}&#8221;][\/vc_column][vc_column width=&#8221;2\/6&#8243;][vc_column_text]<\/p>\n<h1><span style=\"color: #b6101d;\">Misyon<\/span><\/h1>\n<p><span style=\"color: #ffffff;\">Misyonumuz; u\u0308retim yapt\u0131\u011f\u0131m\u0131z tu\u0308m sekt\u00f6rlerde mu\u0308\u015fterilerimize ve son kullan\u0131c\u0131lara en iyiyi sunabilmek i\u00e7in geli\u015fen teknolojinin \u0131\u015f\u0131\u011f\u0131nda, \u00f6nce kendimize sonra gu\u0308ce \u015fekil vermek.<\/span><\/p>\n<p>&nbsp;[\/vc_column_text][\/vc_column][\/vc_row]<\/p>\n","protected":false},"excerpt":{"rendered":"<p>[vc_row][vc_column width=&#8221;1\/2&#8243;][vc_column_text] Biz Kimiz? 1960 y\u0131l\u0131ndan bu yana KAZCIO\u011eLU INDUSTRIAL markas\u0131 ile otomotiv, trakt\u00f6r, i\u015f makinesi, demiryolu ve savunma sanayine boru-hortum kompleleri, tala\u015fl\u0131 imalat \u00fcr\u00fcnleri, so\u011fuk<span class=\"excerpt-hellip\"> [\u2026]<\/span><\/p>\n","protected":false},"author":1,"featured_media":0,"parent":0,"menu_order":0,"comment_status":"closed","ping_status":"closed","template":"","meta":[],"_links":{"self":[{"href":"https:\/\/fabbro.com.tr\/index.php?rest_route=\/wp\/v2\/pages\/175"}],"collection":[{"href":"https:\/\/fabbro.com.tr\/index.php?rest_route=\/wp\/v2\/pages"}],"about":[{"href":"https:\/\/fabbro.com.tr\/index.php?rest_route=\/wp\/v2\/types\/page"}],"author":[{"embeddable":true,"href":"https:\/\/fabbro.com.tr\/index.php?rest_route=\/wp\/v2\/users\/1"}],"replies":[{"embeddable":true,"href":"https:\/\/fabbro.com.tr\/index.php?rest_route=%2Fwp%2Fv2%2Fcomments&post=175"}],"version-history":[{"count":19,"href":"https:\/\/fabbro.com.tr\/index.php?rest_route=\/wp\/v2\/pages\/175\/revisions"}],"predecessor-version":[{"id":1146,"href":"https:\/\/fabbro.com.tr\/index.php?rest_route=\/wp\/v2\/pages\/175\/revisions\/1146"}],"wp:attachment":[{"href":"https:\/\/fabbro.com.tr\/index.php?rest_route=%2Fwp%2Fv2%2Fmedia&parent=175"}],"curies":[{"name":"wp","href":"https:\/\/api.w.org\/{rel}","templated":true}]}}