{"id":389,"date":"2019-05-18T04:33:40","date_gmt":"2019-05-18T04:33:40","guid":{"rendered":"http:\/\/fabbro.com.tr\/?page_id=389"},"modified":"2023-07-04T13:54:05","modified_gmt":"2023-07-04T13:54:05","slug":"yonetimin-mesaji","status":"publish","type":"page","link":"https:\/\/fabbro.com.tr\/?page_id=389","title":{"rendered":"Y\u00f6netimin Mesaj\u0131"},"content":{"rendered":"<p>[vc_row][vc_column width=&#8221;1\/2&#8243;][vc_column_text]<img decoding=\"async\" loading=\"lazy\" class=\"alignnone size-full wp-image-935\" src=\"http:\/\/fabbro.com.tr\/wp-content\/uploads\/2019\/09\/seref-kazcioglu-1.jpg\" alt=\"\" width=\"700\" height=\"465\" srcset=\"https:\/\/fabbro.com.tr\/wp-content\/uploads\/2019\/09\/seref-kazcioglu-1.jpg 700w, https:\/\/fabbro.com.tr\/wp-content\/uploads\/2019\/09\/seref-kazcioglu-1-226x150.jpg 226w, https:\/\/fabbro.com.tr\/wp-content\/uploads\/2019\/09\/seref-kazcioglu-1-220x146.jpg 220w, https:\/\/fabbro.com.tr\/wp-content\/uploads\/2019\/09\/seref-kazcioglu-1-50x33.jpg 50w, https:\/\/fabbro.com.tr\/wp-content\/uploads\/2019\/09\/seref-kazcioglu-1-113x75.jpg 113w, https:\/\/fabbro.com.tr\/wp-content\/uploads\/2019\/09\/seref-kazcioglu-1-600x399.jpg 600w\" sizes=\"(max-width: 700px) 100vw, 700px\" \/>[\/vc_column_text][\/vc_column][vc_column width=&#8221;1\/2&#8243;][vc_column_text]<\/p>\n<h1 style=\"text-align: justify;\">\u015eeref Kazc\u0131o\u011flu&#8217;nun Mesaj\u0131<\/h1>\n<p style=\"text-align: justify;\">Kazc\u0131o\u011flu Industrial, \u00e7al\u0131\u015fanlar\u0131 ile beraber s\u00fcrd\u00fcr\u00fclebilir kaliteyle b\u00fcy\u00fcmeyi ba\u015farm\u0131\u015f bir firmad\u0131r. Kurulu\u015fu daha eskiye dayanan fakat ispat noktas\u0131nda 1960 y\u0131l\u0131nda elektrik kaynak makinas\u0131, oksijen kaynak makinas\u0131 ve spiralli ta\u015flama makinas\u0131yla \u00e7ekilmi\u015f foto\u011fraf\u0131 milat kabul ederek, 55 y\u0131ld\u0131r mesle\u011finde en iyi noktalara gelmenin m\u00fccadelesini vermekteyiz.<\/p>\n<p style=\"text-align: justify;\">En iyi yat\u0131r\u0131m\u0131n insana yap\u0131lan yat\u0131r\u0131m oldu\u011funu d\u00fcstur edinerek, \u00fcniversite e\u011fitimlerini ald\u0131ktan sonra \u00fc\u00e7\u00fcnc\u00fc ve d\u00f6rd\u00fcnc\u00fc nesli firma b\u00fcnyesine d\u00e2hil etmeyi ba\u015farabilmi\u015f bir firma olduk. \u015eirketlerin devam\u0131 i\u00e7in \u00e7al\u0131\u015fma hayat\u0131n\u0131 4*4 bayrak yar\u0131\u015f\u0131 olarak g\u00f6rerek, bayra\u011f\u0131n bir sonra gelen nesle daha h\u0131zl\u0131 bir \u015fekilde aktar\u0131lmas\u0131n\u0131 kendimize \u015fiar edindik.<\/p>\n<h5 style=\"text-align: justify;\"><strong>B\u00fct\u00fcn bu b\u00fcy\u00fcmeyi ger\u00e7ekle\u015ftirirken, il\u00e7emize, ilimize ve \u00fclkemize faydal\u0131 olabilmeyi t\u00fcm \u00e7al\u0131\u015fanlar\u0131m\u0131zla beraber ana hedef olarak belirledik.<\/strong><\/h5>\n<p style=\"text-align: justify;\">E\u011fer d\u00fcnya \u00e7ap\u0131nda \u00fcretim yapmak isteniyorsa, kaliteli insan g\u00fcc\u00fc ve son teknoloji makine parkurunun gerekti\u011fini bilen Kazc\u0131o\u011flu Otomotiv, kaliteli, h\u0131zl\u0131, d\u00fc\u015f\u00fck maliyetli \u00fcretim ve tam zaman\u0131nda teslim prensipleriyle d\u00fcnya pazar\u0131nda kendisine yer edinerek, markala\u015fma konusunda emin ad\u0131mlarla ilerlemektedir.<\/p>\n<p>[\/vc_column_text][\/vc_column][\/vc_row][vc_row][vc_column][vc_column_text]<\/p>\n<h5 style=\"text-align: justify;\"><strong>Bizler, bu d\u00fcnya hayat\u0131n\u0131n ge\u00e7ici oldu\u011funu bilmekteyiz. <\/strong><strong>Bu emanet bizde oldu\u011fu m\u00fcddet\u00e7e de, insan haklar\u0131na sayg\u0131l\u0131 ve \u00e7evre duyarl\u0131 \u00fcretim hep \u00f6nceli\u011fimiz olacakt\u0131r.<\/strong><\/h5>\n<p style=\"text-align: justify;\">T\u00fcm bu \u00fcretim \u00e7al\u0131\u015fmalar\u0131n\u0131n i\u00e7erisinde, e\u011fitim alan\u0131ndaki sosyal yard\u0131mlar\u0131 da ihmal etmeyen firmam\u0131z babam\u0131z merhum Halil \u0130brahim Kazc\u0131o\u011flu ad\u0131na Mesleki E\u011fitim Merkezi, annemiz merhume Raife Kazc\u0131o\u011flu ad\u0131na da \u00c7\u0131rak yurdu yaparak Milli E\u011fitim Bakanl\u0131\u011f\u0131 b\u00fcnyesine ba\u011f\u0131\u015flam\u0131\u015ft\u0131r. Ayn\u0131 zamanda Kazc\u0131o\u011flu Spor Kul\u00fcb\u00fc b\u00fcnyesinde voleybol, masa tenisi ve g\u00fcre\u015f alan\u0131nda sporcular yeti\u015ftirilerek, il\u00e7emize spor alan\u0131nda da faydal\u0131 \u015firket olma gayretimiz devam etmektedir.<\/p>\n<h4 style=\"text-align: justify;\"><strong>Ba\u015far\u0131n\u0131n arkas\u0131ndaki ger\u00e7ek s\u0131r aile huzurudur. Bu huzurun ger\u00e7ek kahramanlar\u0131 e\u015flerimize ve \u00e7ocuklar\u0131m\u0131za te\u015fekk\u00fcr\u00fc bir bor\u00e7 biliriz.<\/strong><\/h4>\n<p style=\"margin-bottom: 0px; text-align: right; margin-right: 55px;\"><strong>\u015eeref Kazc\u0131o\u011flu<\/strong><\/p>\n<p style=\"margin-bottom: -10px; margin-right: 30px; text-align: right;\">Y\u00f6netim Kurulu Ba\u015fkan\u0131<\/p>\n<p><img decoding=\"async\" loading=\"lazy\" class=\"wp-image-392 alignright\" src=\"http:\/\/fabbro.com.tr\/wp-content\/uploads\/2019\/05\/seref-k-imza.png\" alt=\"\" width=\"206\" height=\"50\" \/><\/p>\n<p>&nbsp;<\/p>\n<p>&nbsp;<\/p>\n<p>&nbsp;[\/vc_column_text][\/vc_column][\/vc_row]<\/p>\n","protected":false},"excerpt":{"rendered":"<p>[vc_row][vc_column width=&#8221;1\/2&#8243;][vc_column_text][\/vc_column_text][\/vc_column][vc_column width=&#8221;1\/2&#8243;][vc_column_text] \u015eeref Kazc\u0131o\u011flu&#8217;nun Mesaj\u0131 Kazc\u0131o\u011flu Industrial, \u00e7al\u0131\u015fanlar\u0131 ile beraber s\u00fcrd\u00fcr\u00fclebilir kaliteyle b\u00fcy\u00fcmeyi ba\u015farm\u0131\u015f bir firmad\u0131r. Kurulu\u015fu daha eskiye dayanan fakat ispat noktas\u0131nda 1960 y\u0131l\u0131nda<span class=\"excerpt-hellip\"> [\u2026]<\/span><\/p>\n","protected":false},"author":1,"featured_media":0,"parent":0,"menu_order":0,"comment_status":"closed","ping_status":"closed","template":"","meta":[],"_links":{"self":[{"href":"https:\/\/fabbro.com.tr\/index.php?rest_route=\/wp\/v2\/pages\/389"}],"collection":[{"href":"https:\/\/fabbro.com.tr\/index.php?rest_route=\/wp\/v2\/pages"}],"about":[{"href":"https:\/\/fabbro.com.tr\/index.php?rest_route=\/wp\/v2\/types\/page"}],"author":[{"embeddable":true,"href":"https:\/\/fabbro.com.tr\/index.php?rest_route=\/wp\/v2\/users\/1"}],"replies":[{"embeddable":true,"href":"https:\/\/fabbro.com.tr\/index.php?rest_route=%2Fwp%2Fv2%2Fcomments&post=389"}],"version-history":[{"count":9,"href":"https:\/\/fabbro.com.tr\/index.php?rest_route=\/wp\/v2\/pages\/389\/revisions"}],"predecessor-version":[{"id":1179,"href":"https:\/\/fabbro.com.tr\/index.php?rest_route=\/wp\/v2\/pages\/389\/revisions\/1179"}],"wp:attachment":[{"href":"https:\/\/fabbro.com.tr\/index.php?rest_route=%2Fwp%2Fv2%2Fmedia&parent=389"}],"curies":[{"name":"wp","href":"https:\/\/api.w.org\/{rel}","templated":true}]}}