{"id":506,"date":"2019-05-24T16:40:32","date_gmt":"2019-05-24T16:40:32","guid":{"rendered":"http:\/\/fabbro.com.tr\/?page_id=506"},"modified":"2019-12-08T08:29:53","modified_gmt":"2019-12-08T08:29:53","slug":"is-basvuru-formu","status":"publish","type":"page","link":"https:\/\/fabbro.com.tr\/?page_id=506","title":{"rendered":"\u0130\u015f Ba\u015fvuru Formu"},"content":{"rendered":"<p>[vc_row][vc_column width=&#8221;1\/2&#8243;][vc_column_text]Kazc\u0131o\u011flu Otomotiv&#8217;de bulunan a\u00e7\u0131k pozisyonlara ba\u015fvurmak, cv havuzuna dahil olmak ve staj ba\u015fvurusu yapmak i\u00e7in l\u00fctfen i\u015f ba\u015fvuru formunu indirin.<\/p>\n<p>Ba\u015fvuru formu aday\u0131n iste\u011fine ba\u011fl\u0131 olarak el ile ya da elektronik ortamda doldurulabilir.<\/p>\n<p>&nbsp;[\/vc_column_text][\/vc_column][vc_column width=&#8221;1\/2&#8243;][vc_column_text]<img decoding=\"async\" loading=\"lazy\" class=\"alignnone wp-image-965 size-full\" src=\"http:\/\/fabbro.com.tr\/wp-content\/uploads\/2019\/12\/is-basvuru.jpg\" alt=\"\" width=\"600\" height=\"120\" srcset=\"https:\/\/fabbro.com.tr\/wp-content\/uploads\/2019\/12\/is-basvuru.jpg 600w, https:\/\/fabbro.com.tr\/wp-content\/uploads\/2019\/12\/is-basvuru-300x60.jpg 300w, https:\/\/fabbro.com.tr\/wp-content\/uploads\/2019\/12\/is-basvuru-260x52.jpg 260w, https:\/\/fabbro.com.tr\/wp-content\/uploads\/2019\/12\/is-basvuru-50x10.jpg 50w, https:\/\/fabbro.com.tr\/wp-content\/uploads\/2019\/12\/is-basvuru-150x30.jpg 150w\" sizes=\"(max-width: 600px) 100vw, 600px\" \/>[\/vc_column_text][\/vc_column][\/vc_row]<\/p>\n","protected":false},"excerpt":{"rendered":"<p>[vc_row][vc_column width=&#8221;1\/2&#8243;][vc_column_text]Kazc\u0131o\u011flu Otomotiv&#8217;de bulunan a\u00e7\u0131k pozisyonlara ba\u015fvurmak, cv havuzuna dahil olmak ve staj ba\u015fvurusu yapmak i\u00e7in l\u00fctfen i\u015f ba\u015fvuru formunu indirin. Ba\u015fvuru formu aday\u0131n iste\u011fine ba\u011fl\u0131<span class=\"excerpt-hellip\"> [\u2026]<\/span><\/p>\n","protected":false},"author":1,"featured_media":0,"parent":0,"menu_order":0,"comment_status":"closed","ping_status":"closed","template":"","meta":[],"_links":{"self":[{"href":"https:\/\/fabbro.com.tr\/index.php?rest_route=\/wp\/v2\/pages\/506"}],"collection":[{"href":"https:\/\/fabbro.com.tr\/index.php?rest_route=\/wp\/v2\/pages"}],"about":[{"href":"https:\/\/fabbro.com.tr\/index.php?rest_route=\/wp\/v2\/types\/page"}],"author":[{"embeddable":true,"href":"https:\/\/fabbro.com.tr\/index.php?rest_route=\/wp\/v2\/users\/1"}],"replies":[{"embeddable":true,"href":"https:\/\/fabbro.com.tr\/index.php?rest_route=%2Fwp%2Fv2%2Fcomments&post=506"}],"version-history":[{"count":3,"href":"https:\/\/fabbro.com.tr\/index.php?rest_route=\/wp\/v2\/pages\/506\/revisions"}],"predecessor-version":[{"id":966,"href":"https:\/\/fabbro.com.tr\/index.php?rest_route=\/wp\/v2\/pages\/506\/revisions\/966"}],"wp:attachment":[{"href":"https:\/\/fabbro.com.tr\/index.php?rest_route=%2Fwp%2Fv2%2Fmedia&parent=506"}],"curies":[{"name":"wp","href":"https:\/\/api.w.org\/{rel}","templated":true}]}}