{"id":510,"date":"2019-05-24T16:41:08","date_gmt":"2019-05-24T16:41:08","guid":{"rendered":"http:\/\/fabbro.com.tr\/?page_id=510"},"modified":"2021-07-12T04:47:29","modified_gmt":"2021-07-12T04:47:29","slug":"acik-pozisyonlar","status":"publish","type":"page","link":"https:\/\/fabbro.com.tr\/?page_id=510","title":{"rendered":"A\u00e7\u0131k Pozisyonlar"},"content":{"rendered":"<p>[vc_row][vc_column width=&#8221;1\/3&#8243;][vc_column_text]<img decoding=\"async\" loading=\"lazy\" class=\"alignnone size-full wp-image-956\" src=\"http:\/\/fabbro.com.tr\/wp-content\/uploads\/2019\/12\/insan-kaynaklari.png\" alt=\"\" width=\"1000\" height=\"1041\" srcset=\"https:\/\/fabbro.com.tr\/wp-content\/uploads\/2019\/12\/insan-kaynaklari.png 1000w, https:\/\/fabbro.com.tr\/wp-content\/uploads\/2019\/12\/insan-kaynaklari-144x150.png 144w, https:\/\/fabbro.com.tr\/wp-content\/uploads\/2019\/12\/insan-kaynaklari-768x799.png 768w, https:\/\/fabbro.com.tr\/wp-content\/uploads\/2019\/12\/insan-kaynaklari-984x1024.png 984w, https:\/\/fabbro.com.tr\/wp-content\/uploads\/2019\/12\/insan-kaynaklari-140x146.png 140w, https:\/\/fabbro.com.tr\/wp-content\/uploads\/2019\/12\/insan-kaynaklari-48x50.png 48w, https:\/\/fabbro.com.tr\/wp-content\/uploads\/2019\/12\/insan-kaynaklari-72x75.png 72w, https:\/\/fabbro.com.tr\/wp-content\/uploads\/2019\/12\/insan-kaynaklari-600x625.png 600w\" sizes=\"(max-width: 1000px) 100vw, 1000px\" \/>[\/vc_column_text][\/vc_column][vc_column width=&#8221;2\/3&#8243;][vc_column_text]<\/p>\n<h2>A\u00e7\u0131k Pozisyonlar<\/h2>\n<p>\u0130smet Kazc\u0131o\u011flu Otomotiv&#8217;de \u015fuan i\u00e7in a\u00e7\u0131k bir pozisyon bulunmamaktad\u0131r. A\u00e7\u0131k pozisyonlar\u0131 ve i\u015f f\u0131rsatlar\u0131n\u0131 bu sayfadan takip edebilirsiniz.<\/p>\n<h2>Staj Ba\u015fvurular\u0131<\/h2>\n<p>\u00d6\u011frenci ve mezunlar\u0131n, staj ba\u015fvurular\u0131 i\u00e7in insan kaynaklar\u0131 departman\u0131m\u0131z ile ileti\u015fime ge\u00e7mesi gerekmektedir.[\/vc_column_text][vc_btn title=&#8221;\u0130\u015f Ba\u015fvuru Formu \u0130\u00e7in T\u0131klay\u0131n\u0131z&#8221; i_icon_fontawesome=&#8221;fa fa-file-pdf-o&#8221; add_icon=&#8221;true&#8221; link=&#8221;url:https%3A%2F%2Ffabbro.com.tr%2Fwp-content%2Fuploads%2F2021%2F07%2Fis-basvuru-formu.pdf|title:%C4%B0%C5%9F%20Ba%C5%9Fvuru%20Formu|target:%20_blank|&#8221;][\/vc_column][\/vc_row]<\/p>\n","protected":false},"excerpt":{"rendered":"<p>[vc_row][vc_column width=&#8221;1\/3&#8243;][vc_column_text][\/vc_column_text][\/vc_column][vc_column width=&#8221;2\/3&#8243;][vc_column_text] A\u00e7\u0131k Pozisyonlar \u0130smet Kazc\u0131o\u011flu Otomotiv&#8217;de \u015fuan i\u00e7in a\u00e7\u0131k bir pozisyon bulunmamaktad\u0131r. A\u00e7\u0131k pozisyonlar\u0131 ve i\u015f f\u0131rsatlar\u0131n\u0131 bu sayfadan takip edebilirsiniz. Staj Ba\u015fvurular\u0131 \u00d6\u011frenci<span class=\"excerpt-hellip\"> [\u2026]<\/span><\/p>\n","protected":false},"author":1,"featured_media":0,"parent":0,"menu_order":0,"comment_status":"closed","ping_status":"closed","template":"","meta":[],"_links":{"self":[{"href":"https:\/\/fabbro.com.tr\/index.php?rest_route=\/wp\/v2\/pages\/510"}],"collection":[{"href":"https:\/\/fabbro.com.tr\/index.php?rest_route=\/wp\/v2\/pages"}],"about":[{"href":"https:\/\/fabbro.com.tr\/index.php?rest_route=\/wp\/v2\/types\/page"}],"author":[{"embeddable":true,"href":"https:\/\/fabbro.com.tr\/index.php?rest_route=\/wp\/v2\/users\/1"}],"replies":[{"embeddable":true,"href":"https:\/\/fabbro.com.tr\/index.php?rest_route=%2Fwp%2Fv2%2Fcomments&post=510"}],"version-history":[{"count":5,"href":"https:\/\/fabbro.com.tr\/index.php?rest_route=\/wp\/v2\/pages\/510\/revisions"}],"predecessor-version":[{"id":1117,"href":"https:\/\/fabbro.com.tr\/index.php?rest_route=\/wp\/v2\/pages\/510\/revisions\/1117"}],"wp:attachment":[{"href":"https:\/\/fabbro.com.tr\/index.php?rest_route=%2Fwp%2Fv2%2Fmedia&parent=510"}],"curies":[{"name":"wp","href":"https:\/\/api.w.org\/{rel}","templated":true}]}}