{"id":65,"date":"2015-04-17T08:24:10","date_gmt":"2015-04-17T08:24:10","guid":{"rendered":"http:\/\/themes.muffingroup.com\/be\/carrental\/?page_id=2"},"modified":"2023-07-04T15:00:58","modified_gmt":"2023-07-04T15:00:58","slug":"home","status":"publish","type":"page","link":"https:\/\/fabbro.com.tr\/","title":{"rendered":"Anasayfa"},"content":{"rendered":"<p>[vc_section full_width=&#8221;stretch_row_content&#8221;][vc_row full_width=&#8221;stretch_row_content_no_spaces&#8221;][vc_column][vc_column_text]<script type=\"text\/javascript\">var lsjQuery = jQuery;lsjQuery(document).ready(function() {\r\nif(typeof lsjQuery.fn.layerSlider == \"undefined\") {\r\nif( window._layerSlider && window._layerSlider.showNotice) { \r\nwindow._layerSlider.showNotice('layerslider_4','jquery');\r\n}\r\n} else {\r\nlsjQuery(\"#layerslider_4\").layerSlider({createdWith: '6.8.3', sliderVersion: '6.8.3', skin: 'v6', navStartStop: false, skinsPath: 'https:\/\/fabbro.com.tr\/wp-content\/plugins\/LayerSlider\/static\/layerslider\/skins\/'});\r\n}\r\n});\r\n<\/script><div id=\"layerslider_4\" class=\"ls-wp-container fitvidsignore\" style=\"width:1440px;height:567px;margin:0 auto;margin-bottom: 0px;\"><div class=\"ls-slide\" data-ls=\"duration:3500;transition2d:15;kenburnsscale:1.2;\"><img width=\"1920\" height=\"760\" src=\"https:\/\/fabbro.com.tr\/wp-content\/uploads\/2023\/07\/slider-01.jpg\" class=\"ls-bg\" alt=\"\" decoding=\"async\" loading=\"lazy\" srcset=\"https:\/\/fabbro.com.tr\/wp-content\/uploads\/2023\/07\/slider-01.jpg 1920w, https:\/\/fabbro.com.tr\/wp-content\/uploads\/2023\/07\/slider-01-300x119.jpg 300w, https:\/\/fabbro.com.tr\/wp-content\/uploads\/2023\/07\/slider-01-1024x405.jpg 1024w, https:\/\/fabbro.com.tr\/wp-content\/uploads\/2023\/07\/slider-01-768x304.jpg 768w, https:\/\/fabbro.com.tr\/wp-content\/uploads\/2023\/07\/slider-01-1536x608.jpg 1536w, https:\/\/fabbro.com.tr\/wp-content\/uploads\/2023\/07\/slider-01-260x103.jpg 260w, https:\/\/fabbro.com.tr\/wp-content\/uploads\/2023\/07\/slider-01-50x20.jpg 50w, https:\/\/fabbro.com.tr\/wp-content\/uploads\/2023\/07\/slider-01-150x59.jpg 150w\" sizes=\"(max-width: 1920px) 100vw, 1920px\" \/><\/div><div class=\"ls-slide\" data-ls=\"duration:3500;transition2d:15;kenburnsscale:1.2;\"><img width=\"1920\" height=\"760\" src=\"https:\/\/fabbro.com.tr\/wp-content\/uploads\/2023\/07\/slider-04.jpg\" class=\"ls-bg\" alt=\"\" decoding=\"async\" loading=\"lazy\" srcset=\"https:\/\/fabbro.com.tr\/wp-content\/uploads\/2023\/07\/slider-04.jpg 1920w, https:\/\/fabbro.com.tr\/wp-content\/uploads\/2023\/07\/slider-04-300x119.jpg 300w, https:\/\/fabbro.com.tr\/wp-content\/uploads\/2023\/07\/slider-04-1024x405.jpg 1024w, https:\/\/fabbro.com.tr\/wp-content\/uploads\/2023\/07\/slider-04-768x304.jpg 768w, https:\/\/fabbro.com.tr\/wp-content\/uploads\/2023\/07\/slider-04-1536x608.jpg 1536w, https:\/\/fabbro.com.tr\/wp-content\/uploads\/2023\/07\/slider-04-260x103.jpg 260w, https:\/\/fabbro.com.tr\/wp-content\/uploads\/2023\/07\/slider-04-50x20.jpg 50w, https:\/\/fabbro.com.tr\/wp-content\/uploads\/2023\/07\/slider-04-150x59.jpg 150w\" sizes=\"(max-width: 1920px) 100vw, 1920px\" \/><\/div><div class=\"ls-slide\" data-ls=\"duration:3500;transition2d:15;kenburnsscale:1.2;\"><img width=\"1920\" height=\"760\" src=\"https:\/\/fabbro.com.tr\/wp-content\/uploads\/2023\/07\/slider-05.jpg\" class=\"ls-bg\" alt=\"\" decoding=\"async\" loading=\"lazy\" srcset=\"https:\/\/fabbro.com.tr\/wp-content\/uploads\/2023\/07\/slider-05.jpg 1920w, https:\/\/fabbro.com.tr\/wp-content\/uploads\/2023\/07\/slider-05-300x119.jpg 300w, https:\/\/fabbro.com.tr\/wp-content\/uploads\/2023\/07\/slider-05-1024x405.jpg 1024w, https:\/\/fabbro.com.tr\/wp-content\/uploads\/2023\/07\/slider-05-768x304.jpg 768w, https:\/\/fabbro.com.tr\/wp-content\/uploads\/2023\/07\/slider-05-1536x608.jpg 1536w, https:\/\/fabbro.com.tr\/wp-content\/uploads\/2023\/07\/slider-05-260x103.jpg 260w, https:\/\/fabbro.com.tr\/wp-content\/uploads\/2023\/07\/slider-05-50x20.jpg 50w, https:\/\/fabbro.com.tr\/wp-content\/uploads\/2023\/07\/slider-05-150x59.jpg 150w\" sizes=\"(max-width: 1920px) 100vw, 1920px\" \/><\/div><\/div>[\/vc_column_text][\/vc_column][\/vc_row][\/vc_section][vc_row][vc_column width=&#8221;2\/3&#8243;][vc_column_text css=&#8221;.vc_custom_1688482851290{background-color: #f4f4f4 !important;}&#8221;]<\/p>\n<p style=\"text-align: center;\"><a href=\"http:\/\/fabbro.com.tr\/urunler\/\"><img decoding=\"async\" loading=\"lazy\" class=\"alignnone wp-image-1198 size-full aligncenter\" src=\"https:\/\/fabbro.com.tr\/wp-content\/uploads\/2023\/07\/anasayfa-copy4.png\" alt=\"\" width=\"1128\" height=\"360\" srcset=\"https:\/\/fabbro.com.tr\/wp-content\/uploads\/2023\/07\/anasayfa-copy4.png 1128w, https:\/\/fabbro.com.tr\/wp-content\/uploads\/2023\/07\/anasayfa-copy4-300x96.png 300w, https:\/\/fabbro.com.tr\/wp-content\/uploads\/2023\/07\/anasayfa-copy4-1024x327.png 1024w, https:\/\/fabbro.com.tr\/wp-content\/uploads\/2023\/07\/anasayfa-copy4-768x245.png 768w, https:\/\/fabbro.com.tr\/wp-content\/uploads\/2023\/07\/anasayfa-copy4-260x83.png 260w, https:\/\/fabbro.com.tr\/wp-content\/uploads\/2023\/07\/anasayfa-copy4-50x16.png 50w, https:\/\/fabbro.com.tr\/wp-content\/uploads\/2023\/07\/anasayfa-copy4-150x48.png 150w\" sizes=\"(max-width: 1128px) 100vw, 1128px\" \/><\/a>T\u00fcm \u00fcr\u00fcnlerimizi g\u00f6r\u00fcnt\u00fclemek i\u00e7in<a href=\"http:\/\/fabbro.com.tr\/urunler\/\"> t\u0131klay\u0131n\u0131z.<\/a><\/p>\n<p>[\/vc_column_text][vc_column_text css=&#8221;.vc_custom_1688482696865{background-color: #f4f4f4 !important;}&#8221;]<\/p>\n<p style=\"text-align: center;\">\n<p style=\"text-align: center;\"><a href=\"https:\/\/fabbro.com.tr\/katalog-talep-formu\/\"><img decoding=\"async\" loading=\"lazy\" class=\"alignnone wp-image-1193 size-full\" src=\"https:\/\/fabbro.com.tr\/wp-content\/uploads\/2023\/07\/anasayfa-copy2.png\" alt=\"\" width=\"1128\" height=\"360\" srcset=\"https:\/\/fabbro.com.tr\/wp-content\/uploads\/2023\/07\/anasayfa-copy2.png 1128w, https:\/\/fabbro.com.tr\/wp-content\/uploads\/2023\/07\/anasayfa-copy2-300x96.png 300w, https:\/\/fabbro.com.tr\/wp-content\/uploads\/2023\/07\/anasayfa-copy2-1024x327.png 1024w, https:\/\/fabbro.com.tr\/wp-content\/uploads\/2023\/07\/anasayfa-copy2-768x245.png 768w, https:\/\/fabbro.com.tr\/wp-content\/uploads\/2023\/07\/anasayfa-copy2-260x83.png 260w, https:\/\/fabbro.com.tr\/wp-content\/uploads\/2023\/07\/anasayfa-copy2-50x16.png 50w, https:\/\/fabbro.com.tr\/wp-content\/uploads\/2023\/07\/anasayfa-copy2-150x48.png 150w\" sizes=\"(max-width: 1128px) 100vw, 1128px\" \/><\/a>Tan\u0131t\u0131m bro\u015f\u00fcr\u00fcm\u00fcz\u00fc PDF format\u0131nda g\u00f6r\u00fcnt\u00fclemek ve indirmek i\u00e7in <a href=\"https:\/\/fabbro.com.tr\/katalog-talep-formu\/\" target=\"_blank\" rel=\"noopener noreferrer\">t\u0131klay\u0131n\u0131z.<\/a><\/p>\n<p>[\/vc_column_text][\/vc_column][vc_column width=&#8221;1\/3&#8243;][vc_column_text css=&#8221;.vc_custom_1580022295010{padding-top: 20px !important;padding-bottom: -20px !important;}&#8221;]<\/p>\n<h1>Sosyal Medya<\/h1>\n<p>[\/vc_column_text][vc_column_text]<iframe loading=\"lazy\" style=\"border: none; overflow: hidden;\" src=\"https:\/\/www.facebook.com\/plugins\/page.php?href=https%3A%2F%2Fwww.facebook.com%2Fkazciogluindustrial&amp;tabs=timeline&amp;width=340&amp;height=600&amp;small_header=false&amp;adapt_container_width=true&amp;hide_cover=false&amp;show_facepile=true&amp;appId\" width=\"340\" height=\"600\" frameborder=\"0\" scrolling=\"no\" allowfullscreen=\"allowfullscreen\"><\/iframe>[\/vc_column_text][\/vc_column][\/vc_row][vc_row css_animation=&#8221;bottom-to-top&#8221;][vc_column width=&#8221;1\/2&#8243;][\/vc_column][vc_column width=&#8221;1\/2&#8243;][\/vc_column][\/vc_row]<\/p>\n","protected":false},"excerpt":{"rendered":"<p>[vc_section full_width=&#8221;stretch_row_content&#8221;][vc_row full_width=&#8221;stretch_row_content_no_spaces&#8221;][vc_column][vc_column_text][\/vc_column_text][\/vc_column][\/vc_row][\/vc_section][vc_row][vc_column width=&#8221;2\/3&#8243;][vc_column_text css=&#8221;.vc_custom_1688482851290{background-color: #f4f4f4 !important;}&#8221;] T\u00fcm \u00fcr\u00fcnlerimizi g\u00f6r\u00fcnt\u00fclemek i\u00e7in t\u0131klay\u0131n\u0131z. [\/vc_column_text][vc_column_text css=&#8221;.vc_custom_1688482696865{background-color: #f4f4f4 !important;}&#8221;] Tan\u0131t\u0131m bro\u015f\u00fcr\u00fcm\u00fcz\u00fc PDF format\u0131nda g\u00f6r\u00fcnt\u00fclemek ve indirmek i\u00e7in t\u0131klay\u0131n\u0131z. [\/vc_column_text][\/vc_column][vc_column<span class=\"excerpt-hellip\"> [\u2026]<\/span><\/p>\n","protected":false},"author":1,"featured_media":0,"parent":0,"menu_order":0,"comment_status":"open","ping_status":"open","template":"","meta":[],"_links":{"self":[{"href":"https:\/\/fabbro.com.tr\/index.php?rest_route=\/wp\/v2\/pages\/65"}],"collection":[{"href":"https:\/\/fabbro.com.tr\/index.php?rest_route=\/wp\/v2\/pages"}],"about":[{"href":"https:\/\/fabbro.com.tr\/index.php?rest_route=\/wp\/v2\/types\/page"}],"author":[{"embeddable":true,"href":"https:\/\/fabbro.com.tr\/index.php?rest_route=\/wp\/v2\/users\/1"}],"replies":[{"embeddable":true,"href":"https:\/\/fabbro.com.tr\/index.php?rest_route=%2Fwp%2Fv2%2Fcomments&post=65"}],"version-history":[{"count":98,"href":"https:\/\/fabbro.com.tr\/index.php?rest_route=\/wp\/v2\/pages\/65\/revisions"}],"predecessor-version":[{"id":1202,"href":"https:\/\/fabbro.com.tr\/index.php?rest_route=\/wp\/v2\/pages\/65\/revisions\/1202"}],"wp:attachment":[{"href":"https:\/\/fabbro.com.tr\/index.php?rest_route=%2Fwp%2Fv2%2Fmedia&parent=65"}],"curies":[{"name":"wp","href":"https:\/\/api.w.org\/{rel}","templated":true}]}}