{"id":981,"date":"2020-01-26T07:16:06","date_gmt":"2020-01-26T07:16:06","guid":{"rendered":"http:\/\/fabbro.com.tr\/?page_id=981"},"modified":"2023-07-05T06:16:22","modified_gmt":"2023-07-05T06:16:22","slug":"is-makinalari","status":"publish","type":"page","link":"https:\/\/fabbro.com.tr\/?page_id=981","title":{"rendered":"\u0130\u015f Makinalar\u0131"},"content":{"rendered":"<p>[vc_row full_width=&#8221;stretch_row_content_no_spaces&#8221;][vc_column][vc_column_text]<img decoding=\"async\" loading=\"lazy\" class=\"wp-image-1211 size-full aligncenter\" src=\"https:\/\/fabbro.com.tr\/wp-content\/uploads\/2023\/07\/is-makinalari-scaled.jpg\" alt=\"\" width=\"2560\" height=\"640\" srcset=\"https:\/\/fabbro.com.tr\/wp-content\/uploads\/2023\/07\/is-makinalari-scaled.jpg 2560w, https:\/\/fabbro.com.tr\/wp-content\/uploads\/2023\/07\/is-makinalari-300x75.jpg 300w, https:\/\/fabbro.com.tr\/wp-content\/uploads\/2023\/07\/is-makinalari-1024x256.jpg 1024w, https:\/\/fabbro.com.tr\/wp-content\/uploads\/2023\/07\/is-makinalari-768x192.jpg 768w, https:\/\/fabbro.com.tr\/wp-content\/uploads\/2023\/07\/is-makinalari-1536x384.jpg 1536w, https:\/\/fabbro.com.tr\/wp-content\/uploads\/2023\/07\/is-makinalari-2048x512.jpg 2048w, https:\/\/fabbro.com.tr\/wp-content\/uploads\/2023\/07\/is-makinalari-260x65.jpg 260w, https:\/\/fabbro.com.tr\/wp-content\/uploads\/2023\/07\/is-makinalari-50x13.jpg 50w, https:\/\/fabbro.com.tr\/wp-content\/uploads\/2023\/07\/is-makinalari-150x38.jpg 150w\" sizes=\"(max-width: 2560px) 100vw, 2560px\" \/>[\/vc_column_text][\/vc_column][\/vc_row][vc_row][vc_column][vc_tta_pageable no_fill_content_area=&#8221;1&#8243; autoplay=&#8221;5&#8243; active_section=&#8221;1&#8243; pagination_color=&#8221;black&#8221; tab_position=&#8221;top&#8221; css_animation=&#8221;none&#8221;][vc_tta_section title=&#8221;Section 1&#8243; tab_id=&#8221;1580023347201-e7c5f08b-7381&#8243;][vc_row_inner][vc_column_inner width=&#8221;1\/2&#8243;][vc_column_text]<img decoding=\"async\" loading=\"lazy\" class=\"alignnone size-full wp-image-994\" src=\"http:\/\/fabbro.com.tr\/wp-content\/uploads\/2020\/01\/I\u0307s\u0327-Makinas\u0131-Rot-Bas\u0327\u0131.png\" alt=\"\" width=\"1920\" height=\"1028\" srcset=\"https:\/\/fabbro.com.tr\/wp-content\/uploads\/2020\/01\/I\u0307s\u0327-Makinas\u0131-Rot-Bas\u0327\u0131.png 1920w, https:\/\/fabbro.com.tr\/wp-content\/uploads\/2020\/01\/I\u0307s\u0327-Makinas\u0131-Rot-Bas\u0327\u0131-280x150.png 280w, https:\/\/fabbro.com.tr\/wp-content\/uploads\/2020\/01\/I\u0307s\u0327-Makinas\u0131-Rot-Bas\u0327\u0131-768x411.png 768w, https:\/\/fabbro.com.tr\/wp-content\/uploads\/2020\/01\/I\u0307s\u0327-Makinas\u0131-Rot-Bas\u0327\u0131-1024x548.png 1024w, https:\/\/fabbro.com.tr\/wp-content\/uploads\/2020\/01\/I\u0307s\u0327-Makinas\u0131-Rot-Bas\u0327\u0131-260x139.png 260w, https:\/\/fabbro.com.tr\/wp-content\/uploads\/2020\/01\/I\u0307s\u0327-Makinas\u0131-Rot-Bas\u0327\u0131-50x27.png 50w, https:\/\/fabbro.com.tr\/wp-content\/uploads\/2020\/01\/I\u0307s\u0327-Makinas\u0131-Rot-Bas\u0327\u0131-140x75.png 140w, https:\/\/fabbro.com.tr\/wp-content\/uploads\/2020\/01\/I\u0307s\u0327-Makinas\u0131-Rot-Bas\u0327\u0131-600x321.png 600w\" sizes=\"(max-width: 1920px) 100vw, 1920px\" \/>[\/vc_column_text][\/vc_column_inner][vc_column_inner width=&#8221;1\/2&#8243;][vc_column_text css=&#8221;.vc_custom_1580025038567{padding-top: 15% !important;padding-bottom: 15% !important;}&#8221;]<\/p>\n<h1><span style=\"color: #b6101e;\">Rot ba\u015f\u0131<\/span><\/h1>\n<p>Rot ba\u015f\u0131, direksiyonu \u00e7evirdi\u011finizde olu\u015fan hareketi tekerlere ileten par\u00e7alard\u0131r. Rot ba\u015f\u0131 mafsal ve g\u00f6vdeden olu\u015fmaktad\u0131r. Zirai ara\u00e7larda rot ba\u015flar\u0131 di\u015fi rot ba\u015f\u0131 ve erkek rot ba\u015f\u0131 olarak iki s\u0131n\u0131fta de\u011ferlendirilir.[\/vc_column_text][\/vc_column_inner][\/vc_row_inner][\/vc_tta_section][vc_tta_section title=&#8221;Section 2&#8243; tab_id=&#8221;1580023347201-b489d669-2b7e&#8221;][vc_row_inner][vc_column_inner width=&#8221;1\/2&#8243;][vc_column_text]<img decoding=\"async\" loading=\"lazy\" class=\"alignnone size-full wp-image-995\" src=\"http:\/\/fabbro.com.tr\/wp-content\/uploads\/2020\/01\/I\u0307s\u0327-Makinas\u0131-Rot-Mili.png\" alt=\"\" width=\"1920\" height=\"1028\" srcset=\"https:\/\/fabbro.com.tr\/wp-content\/uploads\/2020\/01\/I\u0307s\u0327-Makinas\u0131-Rot-Mili.png 1920w, https:\/\/fabbro.com.tr\/wp-content\/uploads\/2020\/01\/I\u0307s\u0327-Makinas\u0131-Rot-Mili-280x150.png 280w, https:\/\/fabbro.com.tr\/wp-content\/uploads\/2020\/01\/I\u0307s\u0327-Makinas\u0131-Rot-Mili-768x411.png 768w, https:\/\/fabbro.com.tr\/wp-content\/uploads\/2020\/01\/I\u0307s\u0327-Makinas\u0131-Rot-Mili-1024x548.png 1024w, https:\/\/fabbro.com.tr\/wp-content\/uploads\/2020\/01\/I\u0307s\u0327-Makinas\u0131-Rot-Mili-260x139.png 260w, https:\/\/fabbro.com.tr\/wp-content\/uploads\/2020\/01\/I\u0307s\u0327-Makinas\u0131-Rot-Mili-50x27.png 50w, https:\/\/fabbro.com.tr\/wp-content\/uploads\/2020\/01\/I\u0307s\u0327-Makinas\u0131-Rot-Mili-140x75.png 140w, https:\/\/fabbro.com.tr\/wp-content\/uploads\/2020\/01\/I\u0307s\u0327-Makinas\u0131-Rot-Mili-600x321.png 600w\" sizes=\"(max-width: 1920px) 100vw, 1920px\" \/>[\/vc_column_text][\/vc_column_inner][vc_column_inner width=&#8221;1\/2&#8243;][vc_column_text css=&#8221;.vc_custom_1580025060914{padding-top: 15% !important;padding-bottom: 15% !important;}&#8221;]<\/p>\n<h1><span style=\"color: #b6101e;\">Rot Mili<\/span><\/h1>\n<p>Direksiyondan verilen hareketi, rotba\u015f\u0131na ileterek, tekerleklerin d\u00fc\u015fey eksene g\u00f6re d\u00f6nmesini sa\u011flayan ba\u011flant\u0131 eleman\u0131d\u0131r. Direksiyon valfinden gelen kuvveti ileten rot mili, tekerleklerin maksimum d\u00f6nme hareketini sa\u011flayacak sal\u0131n\u0131m a\u00e7\u0131s\u0131nda olmal\u0131d\u0131r.[\/vc_column_text][\/vc_column_inner][\/vc_row_inner][\/vc_tta_section][vc_tta_section title=&#8221;Section&#8221; tab_id=&#8221;1580024458667-f500c8a8-7a62&#8243;][vc_row_inner][vc_column_inner width=&#8221;1\/2&#8243;][vc_column_text]<img decoding=\"async\" loading=\"lazy\" class=\"alignnone size-full wp-image-993\" src=\"http:\/\/fabbro.com.tr\/wp-content\/uploads\/2020\/01\/I\u0307s\u0327-Makinas\u0131-Komple-Rot.png\" alt=\"\" width=\"1920\" height=\"1028\" srcset=\"https:\/\/fabbro.com.tr\/wp-content\/uploads\/2020\/01\/I\u0307s\u0327-Makinas\u0131-Komple-Rot.png 1920w, https:\/\/fabbro.com.tr\/wp-content\/uploads\/2020\/01\/I\u0307s\u0327-Makinas\u0131-Komple-Rot-280x150.png 280w, https:\/\/fabbro.com.tr\/wp-content\/uploads\/2020\/01\/I\u0307s\u0327-Makinas\u0131-Komple-Rot-768x411.png 768w, https:\/\/fabbro.com.tr\/wp-content\/uploads\/2020\/01\/I\u0307s\u0327-Makinas\u0131-Komple-Rot-1024x548.png 1024w, https:\/\/fabbro.com.tr\/wp-content\/uploads\/2020\/01\/I\u0307s\u0327-Makinas\u0131-Komple-Rot-260x139.png 260w, https:\/\/fabbro.com.tr\/wp-content\/uploads\/2020\/01\/I\u0307s\u0327-Makinas\u0131-Komple-Rot-50x27.png 50w, https:\/\/fabbro.com.tr\/wp-content\/uploads\/2020\/01\/I\u0307s\u0327-Makinas\u0131-Komple-Rot-140x75.png 140w, https:\/\/fabbro.com.tr\/wp-content\/uploads\/2020\/01\/I\u0307s\u0327-Makinas\u0131-Komple-Rot-600x321.png 600w\" sizes=\"(max-width: 1920px) 100vw, 1920px\" \/>[\/vc_column_text][\/vc_column_inner][vc_column_inner width=&#8221;1\/2&#8243;][vc_column_text css=&#8221;.vc_custom_1580025074432{padding-top: 15% !important;padding-bottom: 15% !important;}&#8221;]<\/p>\n<h1><span style=\"color: #b6101e;\">Komple Rot<\/span><\/h1>\n<p>S\u00fcr\u00fcc\u00fcn\u00fcn direksiyona verdi\u011fi hareketin olu\u015fturdu\u011fu moment di\u015fliler yard\u0131m\u0131yla aktar\u0131l\u0131r. Direksiyon valfi ile pompaya iletilen hareketi, direksiyon silindiri rot kolu vas\u0131tas\u0131yla tekerlek ta\u015f\u0131y\u0131c\u0131s\u0131na ve dingil ba\u015flar\u0131na aktar\u0131r.[\/vc_column_text][\/vc_column_inner][\/vc_row_inner][\/vc_tta_section][\/vc_tta_pageable][\/vc_column][\/vc_row]<\/p>\n","protected":false},"excerpt":{"rendered":"<p>[vc_row full_width=&#8221;stretch_row_content_no_spaces&#8221;][vc_column][vc_column_text][\/vc_column_text][\/vc_column][\/vc_row][vc_row][vc_column][vc_tta_pageable no_fill_content_area=&#8221;1&#8243; autoplay=&#8221;5&#8243; active_section=&#8221;1&#8243; pagination_color=&#8221;black&#8221; tab_position=&#8221;top&#8221; css_animation=&#8221;none&#8221;][vc_tta_section title=&#8221;Section 1&#8243; tab_id=&#8221;1580023347201-e7c5f08b-7381&#8243;][vc_row_inner][vc_column_inner width=&#8221;1\/2&#8243;][vc_column_text][\/vc_column_text][\/vc_column_inner][vc_column_inner width=&#8221;1\/2&#8243;][vc_column_text css=&#8221;.vc_custom_1580025038567{padding-top: 15% !important;padding-bottom: 15% !important;}&#8221;] Rot ba\u015f\u0131 Rot ba\u015f\u0131, direksiyonu \u00e7evirdi\u011finizde olu\u015fan hareketi<span class=\"excerpt-hellip\"> [\u2026]<\/span><\/p>\n","protected":false},"author":2,"featured_media":0,"parent":0,"menu_order":0,"comment_status":"closed","ping_status":"closed","template":"","meta":[],"_links":{"self":[{"href":"https:\/\/fabbro.com.tr\/index.php?rest_route=\/wp\/v2\/pages\/981"}],"collection":[{"href":"https:\/\/fabbro.com.tr\/index.php?rest_route=\/wp\/v2\/pages"}],"about":[{"href":"https:\/\/fabbro.com.tr\/index.php?rest_route=\/wp\/v2\/types\/page"}],"author":[{"embeddable":true,"href":"https:\/\/fabbro.com.tr\/index.php?rest_route=\/wp\/v2\/users\/2"}],"replies":[{"embeddable":true,"href":"https:\/\/fabbro.com.tr\/index.php?rest_route=%2Fwp%2Fv2%2Fcomments&post=981"}],"version-history":[{"count":17,"href":"https:\/\/fabbro.com.tr\/index.php?rest_route=\/wp\/v2\/pages\/981\/revisions"}],"predecessor-version":[{"id":1212,"href":"https:\/\/fabbro.com.tr\/index.php?rest_route=\/wp\/v2\/pages\/981\/revisions\/1212"}],"wp:attachment":[{"href":"https:\/\/fabbro.com.tr\/index.php?rest_route=%2Fwp%2Fv2%2Fmedia&parent=981"}],"curies":[{"name":"wp","href":"https:\/\/api.w.org\/{rel}","templated":true}]}}