{"id":983,"date":"2020-01-26T07:18:51","date_gmt":"2020-01-26T07:18:51","guid":{"rendered":"http:\/\/fabbro.com.tr\/?page_id=983"},"modified":"2023-07-06T11:54:11","modified_gmt":"2023-07-06T11:54:11","slug":"bolumler","status":"publish","type":"page","link":"https:\/\/fabbro.com.tr\/?page_id=983","title":{"rendered":"B\u00f6l\u00fcmler"},"content":{"rendered":"<p>[vc_row][vc_column][vc_row_inner][vc_column_inner width=&#8221;1\/3&#8243;][vc_column_text]<img decoding=\"async\" loading=\"lazy\" class=\"alignnone size-full wp-image-1011\" src=\"http:\/\/fabbro.com.tr\/wp-content\/uploads\/2020\/01\/Kal\u0131phane.jpg\" alt=\"\" width=\"6000\" height=\"4000\" srcset=\"https:\/\/fabbro.com.tr\/wp-content\/uploads\/2020\/01\/Kal\u0131phane.jpg 6000w, https:\/\/fabbro.com.tr\/wp-content\/uploads\/2020\/01\/Kal\u0131phane-225x150.jpg 225w, https:\/\/fabbro.com.tr\/wp-content\/uploads\/2020\/01\/Kal\u0131phane-768x512.jpg 768w, https:\/\/fabbro.com.tr\/wp-content\/uploads\/2020\/01\/Kal\u0131phane-1024x683.jpg 1024w, https:\/\/fabbro.com.tr\/wp-content\/uploads\/2020\/01\/Kal\u0131phane-219x146.jpg 219w, https:\/\/fabbro.com.tr\/wp-content\/uploads\/2020\/01\/Kal\u0131phane-50x33.jpg 50w, https:\/\/fabbro.com.tr\/wp-content\/uploads\/2020\/01\/Kal\u0131phane-113x75.jpg 113w, https:\/\/fabbro.com.tr\/wp-content\/uploads\/2020\/01\/Kal\u0131phane-600x400.jpg 600w\" sizes=\"(max-width: 6000px) 100vw, 6000px\" \/>[\/vc_column_text][\/vc_column_inner][vc_column_inner width=&#8221;2\/3&#8243;][vc_column_text css=&#8221;.vc_custom_1580026740205{margin-top: 30px !important;}&#8221;]<\/p>\n<h1><span style=\"color: #b6101e;\">KALIPHANE<\/span><\/h1>\n<p>FABBRO da \u00fcretilen par\u00e7alar\u0131n, ayn\u0131 kalitede \u00fcretilebilmesi ve tasar\u0131m\u0131n kal\u0131ba ayn\u0131 \u015fekilde aktar\u0131labilmesi i\u00e7in Kal\u0131phane b\u00f6l\u00fcm\u00fcnde CAD-CAM metotlar\u0131 ile modern CNC tezg\u00e2hlar\u0131n\u0131n koordinasyonu sa\u011flanm\u0131\u015ft\u0131r.<\/p>\n<p>\u00dcretim b\u00f6l\u00fcm\u00fcn\u00fcn ihtiyac\u0131 olan makine kal\u0131p ve aparatlar\u0131n\u0131n tamam\u0131n\u0131n \u00fcretimi bu b\u00f6l\u00fcmde ger\u00e7ekle\u015ftirilmektedir.<\/p>\n<p>Kal\u0131phane b\u00fcnyesinde bulunan makine parkurumuz; CNC tornalar, CNC dik i\u015fleme merkezleri, Tel Erezyon ve \u00fcniversal torna tezg\u00e2hlar\u0131ndan olu\u015fmaktad\u0131r.[\/vc_column_text][\/vc_column_inner][\/vc_row_inner][vc_row_inner][vc_column_inner width=&#8221;1\/3&#8243;][vc_column_text]<img decoding=\"async\" loading=\"lazy\" class=\"alignnone size-full wp-image-1016\" src=\"http:\/\/fabbro.com.tr\/wp-content\/uploads\/2020\/01\/uretim-montaj.jpg\" alt=\"\" width=\"6000\" height=\"4000\" srcset=\"https:\/\/fabbro.com.tr\/wp-content\/uploads\/2020\/01\/uretim-montaj.jpg 6000w, https:\/\/fabbro.com.tr\/wp-content\/uploads\/2020\/01\/uretim-montaj-225x150.jpg 225w, https:\/\/fabbro.com.tr\/wp-content\/uploads\/2020\/01\/uretim-montaj-768x512.jpg 768w, https:\/\/fabbro.com.tr\/wp-content\/uploads\/2020\/01\/uretim-montaj-1024x683.jpg 1024w, https:\/\/fabbro.com.tr\/wp-content\/uploads\/2020\/01\/uretim-montaj-219x146.jpg 219w, https:\/\/fabbro.com.tr\/wp-content\/uploads\/2020\/01\/uretim-montaj-50x33.jpg 50w, https:\/\/fabbro.com.tr\/wp-content\/uploads\/2020\/01\/uretim-montaj-113x75.jpg 113w, https:\/\/fabbro.com.tr\/wp-content\/uploads\/2020\/01\/uretim-montaj-600x400.jpg 600w\" sizes=\"(max-width: 6000px) 100vw, 6000px\" \/>[\/vc_column_text][\/vc_column_inner][vc_column_inner width=&#8221;2\/3&#8243;][vc_column_text css=&#8221;.vc_custom_1580027286805{margin-top: 5% !important;}&#8221;]<\/p>\n<h1><span style=\"color: #b6101e;\">\u00dcRET\u0130M &amp; MONTAJ<\/span><\/h1>\n<p>Kalite onay\u0131ndan ge\u00e7en t\u00fcm \u00fcr\u00fcnler tala\u015fl\u0131 imalat b\u00f6l\u00fcm\u00fcm\u00fczde i\u015fleme al\u0131nmaktad\u0131r. Rot mili, rot ba\u015f\u0131, komple rot ve alt montaj b\u00f6l\u00fcmleri g\u00fcvenli imalat mant\u0131\u011f\u0131na g\u00f6re uzman personel ve yeni teknoloji makine park\u0131nda zaman\u0131nda \u00fcretim yapmak \u00fczere tasarlanm\u0131\u015ft\u0131r.[\/vc_column_text][\/vc_column_inner][\/vc_row_inner][vc_row_inner][vc_column_inner width=&#8221;1\/3&#8243;][vc_column_text]<img decoding=\"async\" loading=\"lazy\" class=\"alignnone size-full wp-image-1014\" src=\"http:\/\/fabbro.com.tr\/wp-content\/uploads\/2020\/01\/kalite.jpg\" alt=\"\" width=\"6000\" height=\"4000\" srcset=\"https:\/\/fabbro.com.tr\/wp-content\/uploads\/2020\/01\/kalite.jpg 6000w, https:\/\/fabbro.com.tr\/wp-content\/uploads\/2020\/01\/kalite-225x150.jpg 225w, https:\/\/fabbro.com.tr\/wp-content\/uploads\/2020\/01\/kalite-768x512.jpg 768w, https:\/\/fabbro.com.tr\/wp-content\/uploads\/2020\/01\/kalite-1024x683.jpg 1024w, https:\/\/fabbro.com.tr\/wp-content\/uploads\/2020\/01\/kalite-219x146.jpg 219w, https:\/\/fabbro.com.tr\/wp-content\/uploads\/2020\/01\/kalite-50x33.jpg 50w, https:\/\/fabbro.com.tr\/wp-content\/uploads\/2020\/01\/kalite-113x75.jpg 113w, https:\/\/fabbro.com.tr\/wp-content\/uploads\/2020\/01\/kalite-600x400.jpg 600w\" sizes=\"(max-width: 6000px) 100vw, 6000px\" \/>[\/vc_column_text][\/vc_column_inner][vc_column_inner width=&#8221;2\/3&#8243;][vc_column_text css=&#8221;.vc_custom_1580027383843{margin-top: 5% !important;}&#8221;]<\/p>\n<h1><span style=\"color: #b6101e;\">KAL\u0130TE<\/span><\/h1>\n<p>Firmam\u0131z\u0131n ulusal ve uluslararas\u0131 pazarda etkinli\u011fini ve verimlili\u011fini artt\u0131rmak amac\u0131yla kendi uzmanl\u0131k alan\u0131m\u0131zda, kendi y\u00f6ntemlerini su\u0308rekli geli\u015ftiren, sekt\u00f6ru\u0308n \u00f6ncu\u0308lu\u0308\u011fu\u0308nu\u0308 u\u0308stlenerek, kalite dendi\u011finde akla ilk gelen firma olma yolunda ilerlemekteyiz.<\/p>\n<p>Kalite laboratuvar\u0131m\u0131z modern ve son teknoloji u\u0308ru\u0308nu\u0308 spektrometre, kontur profil tarama \u00f6l\u00e7u\u0308m cihaz\u0131, 3d faro \u00f6l\u00e7u\u0308m kollar\u0131, dijital sertlik \u00f6l\u00e7u\u0308m cihaz\u0131, yu\u0308zey pu\u0308ru\u0308zlu\u0308lu\u0308k \u00f6l\u00e7u\u0308m cihaz\u0131, profil projeksiyon cihaz\u0131, 3D yaz\u0131c\u0131 sistemleri, 400 \u00e7e\u015fitten fazla mastar ve kontrol ekipman\u0131 ile hassas ve kontrollu\u0308 \u00f6l\u00e7u\u0308m yapabilme kabiliyetine sahiptir.[\/vc_column_text][\/vc_column_inner][\/vc_row_inner][vc_row_inner][vc_column_inner width=&#8221;1\/3&#8243;][vc_column_text]<img decoding=\"async\" loading=\"lazy\" class=\"alignnone size-full wp-image-1012\" src=\"http:\/\/fabbro.com.tr\/wp-content\/uploads\/2020\/01\/Arge-1.jpg\" alt=\"\" width=\"5472\" height=\"3648\" srcset=\"https:\/\/fabbro.com.tr\/wp-content\/uploads\/2020\/01\/Arge-1.jpg 5472w, https:\/\/fabbro.com.tr\/wp-content\/uploads\/2020\/01\/Arge-1-225x150.jpg 225w, https:\/\/fabbro.com.tr\/wp-content\/uploads\/2020\/01\/Arge-1-768x512.jpg 768w, https:\/\/fabbro.com.tr\/wp-content\/uploads\/2020\/01\/Arge-1-1024x683.jpg 1024w, https:\/\/fabbro.com.tr\/wp-content\/uploads\/2020\/01\/Arge-1-219x146.jpg 219w, https:\/\/fabbro.com.tr\/wp-content\/uploads\/2020\/01\/Arge-1-50x33.jpg 50w, https:\/\/fabbro.com.tr\/wp-content\/uploads\/2020\/01\/Arge-1-113x75.jpg 113w, https:\/\/fabbro.com.tr\/wp-content\/uploads\/2020\/01\/Arge-1-600x400.jpg 600w\" sizes=\"(max-width: 5472px) 100vw, 5472px\" \/>[\/vc_column_text][\/vc_column_inner][vc_column_inner width=&#8221;2\/3&#8243;][vc_column_text css=&#8221;.vc_custom_1580027441736{margin-top: 5% !important;}&#8221;]<\/p>\n<h1><span style=\"color: #b6101e;\">AR-GE<\/span><\/h1>\n<p>M\u00fchendislik ekibimiz, \u00fcretimin her dal\u0131nda uzman ki\u015filerden olu\u015fup, m\u00fc\u015fteri isteklerine h\u0131zl\u0131 bir \u015fekilde cevap vermektedir. Ayn\u0131 zamanda bu birimimiz edinmi\u015f oldu\u011fu tecr\u00fcbeler sayesinde m\u00fc\u015fteri ile birlikte tasar\u0131m yapma yetkinli\u011fine sahiptir.[\/vc_column_text][\/vc_column_inner][\/vc_row_inner][vc_row_inner][vc_column_inner width=&#8221;1\/3&#8243;][vc_column_text]<img decoding=\"async\" loading=\"lazy\" class=\"alignnone size-full wp-image-1015\" src=\"http:\/\/fabbro.com.tr\/wp-content\/uploads\/2020\/01\/Paketleme.jpg\" alt=\"\" width=\"6000\" height=\"4000\" srcset=\"https:\/\/fabbro.com.tr\/wp-content\/uploads\/2020\/01\/Paketleme.jpg 6000w, https:\/\/fabbro.com.tr\/wp-content\/uploads\/2020\/01\/Paketleme-225x150.jpg 225w, https:\/\/fabbro.com.tr\/wp-content\/uploads\/2020\/01\/Paketleme-768x512.jpg 768w, https:\/\/fabbro.com.tr\/wp-content\/uploads\/2020\/01\/Paketleme-1024x683.jpg 1024w, https:\/\/fabbro.com.tr\/wp-content\/uploads\/2020\/01\/Paketleme-219x146.jpg 219w, https:\/\/fabbro.com.tr\/wp-content\/uploads\/2020\/01\/Paketleme-50x33.jpg 50w, https:\/\/fabbro.com.tr\/wp-content\/uploads\/2020\/01\/Paketleme-113x75.jpg 113w, https:\/\/fabbro.com.tr\/wp-content\/uploads\/2020\/01\/Paketleme-600x400.jpg 600w\" sizes=\"(max-width: 6000px) 100vw, 6000px\" \/>[\/vc_column_text][\/vc_column_inner][vc_column_inner width=&#8221;2\/3&#8243;][vc_column_text css=&#8221;.vc_custom_1580027490299{margin-top: 5% !important;}&#8221;]<\/p>\n<h1><span style=\"color: #b6101e;\">PAKETLEME<\/span><\/h1>\n<p>Paketleme b\u00f6l\u00fcm\u00fc t\u00fcm m\u00fc\u015fteri taleplerini kar\u015f\u0131lama ilkesi ile \u00e7al\u0131\u015fmaktad\u0131r.<\/p>\n<p>Paketleme i\u015flemi, \u00fcr\u00fcn\u00fcn kalitesini koruyacak ambalaj malzemeleri ile m\u00fc\u015fteri taleplerinde etiketleme ve markalama i\u015flemleriyle yap\u0131lmaktad\u0131r.[\/vc_column_text][\/vc_column_inner][\/vc_row_inner][vc_row_inner][vc_column_inner width=&#8221;1\/3&#8243;][vc_column_text]<img decoding=\"async\" loading=\"lazy\" class=\"alignnone size-full wp-image-1013\" src=\"http:\/\/fabbro.com.tr\/wp-content\/uploads\/2020\/01\/Depo-Lojistik.jpg\" alt=\"\" width=\"6007\" height=\"3995\" srcset=\"https:\/\/fabbro.com.tr\/wp-content\/uploads\/2020\/01\/Depo-Lojistik.jpg 6007w, https:\/\/fabbro.com.tr\/wp-content\/uploads\/2020\/01\/Depo-Lojistik-226x150.jpg 226w, https:\/\/fabbro.com.tr\/wp-content\/uploads\/2020\/01\/Depo-Lojistik-768x511.jpg 768w, https:\/\/fabbro.com.tr\/wp-content\/uploads\/2020\/01\/Depo-Lojistik-1024x681.jpg 1024w, https:\/\/fabbro.com.tr\/wp-content\/uploads\/2020\/01\/Depo-Lojistik-220x146.jpg 220w, https:\/\/fabbro.com.tr\/wp-content\/uploads\/2020\/01\/Depo-Lojistik-50x33.jpg 50w, https:\/\/fabbro.com.tr\/wp-content\/uploads\/2020\/01\/Depo-Lojistik-113x75.jpg 113w, https:\/\/fabbro.com.tr\/wp-content\/uploads\/2020\/01\/Depo-Lojistik-600x399.jpg 600w\" sizes=\"(max-width: 6007px) 100vw, 6007px\" \/>[\/vc_column_text][\/vc_column_inner][vc_column_inner width=&#8221;2\/3&#8243;][vc_column_text css=&#8221;.vc_custom_1580027545974{margin-top: 5% !important;}&#8221;]<\/p>\n<h1><span style=\"color: #b6101e;\">DEPO &amp; LOJ\u0130ST\u0130K<\/span><\/h1>\n<p>Depo ve lojistik b\u00f6l\u00fcm\u00fcnde m\u00fc\u015fteri taleplerine g\u00f6re paketlenmi\u015f olan \u00fcr\u00fcnler tam zaman\u0131nda sevkiyat\u0131 ger\u00e7ekle\u015ftirilmektedir. Ayr\u0131ca m\u00fc\u015fterilerimizin istekleri do\u011frultusunda depo alan\u0131m\u0131zda uygun saklama ko\u015fullar\u0131 alt\u0131nda hammadde, yar\u0131 mamul ve stok alanlar\u0131m\u0131z bulunmaktad\u0131r.[\/vc_column_text][\/vc_column_inner][\/vc_row_inner][vc_column_text]FABBRO markal\u0131 \u00fcr\u00fcnler Kazc\u0131o\u011flu Otomotiv taraf\u0131ndan \u00fcretilmektedir.[\/vc_column_text][\/vc_column][\/vc_row]<\/p>\n","protected":false},"excerpt":{"rendered":"<p>[vc_row][vc_column][vc_row_inner][vc_column_inner width=&#8221;1\/3&#8243;][vc_column_text][\/vc_column_text][\/vc_column_inner][vc_column_inner width=&#8221;2\/3&#8243;][vc_column_text css=&#8221;.vc_custom_1580026740205{margin-top: 30px !important;}&#8221;] KALIPHANE FABBRO da \u00fcretilen par\u00e7alar\u0131n, ayn\u0131 kalitede \u00fcretilebilmesi ve tasar\u0131m\u0131n kal\u0131ba ayn\u0131 \u015fekilde aktar\u0131labilmesi i\u00e7in Kal\u0131phane b\u00f6l\u00fcm\u00fcnde CAD-CAM metotlar\u0131 ile<span class=\"excerpt-hellip\"> [\u2026]<\/span><\/p>\n","protected":false},"author":2,"featured_media":0,"parent":0,"menu_order":0,"comment_status":"closed","ping_status":"closed","template":"","meta":[],"_links":{"self":[{"href":"https:\/\/fabbro.com.tr\/index.php?rest_route=\/wp\/v2\/pages\/983"}],"collection":[{"href":"https:\/\/fabbro.com.tr\/index.php?rest_route=\/wp\/v2\/pages"}],"about":[{"href":"https:\/\/fabbro.com.tr\/index.php?rest_route=\/wp\/v2\/types\/page"}],"author":[{"embeddable":true,"href":"https:\/\/fabbro.com.tr\/index.php?rest_route=\/wp\/v2\/users\/2"}],"replies":[{"embeddable":true,"href":"https:\/\/fabbro.com.tr\/index.php?rest_route=%2Fwp%2Fv2%2Fcomments&post=983"}],"version-history":[{"count":3,"href":"https:\/\/fabbro.com.tr\/index.php?rest_route=\/wp\/v2\/pages\/983\/revisions"}],"predecessor-version":[{"id":1242,"href":"https:\/\/fabbro.com.tr\/index.php?rest_route=\/wp\/v2\/pages\/983\/revisions\/1242"}],"wp:attachment":[{"href":"https:\/\/fabbro.com.tr\/index.php?rest_route=%2Fwp%2Fv2%2Fmedia&parent=983"}],"curies":[{"name":"wp","href":"https:\/\/api.w.org\/{rel}","templated":true}]}}